{"id":2457,"date":"2023-03-21T12:13:44","date_gmt":"2023-03-21T12:13:44","guid":{"rendered":"https:\/\/mediatrust.ubi.pt\/?page_id=2457"},"modified":"2023-03-21T12:29:56","modified_gmt":"2023-03-21T12:29:56","slug":"semuc2023","status":"publish","type":"page","link":"https:\/\/mediatrust.ubi.pt\/en\/events\/semuc2023\/","title":{"rendered":"SemUC2023"},"content":{"rendered":"<h2 class=\"wp-block-heading\"><strong>Semin\u00e1rio MediaTrust.Lab: \u201cJornalismo de Proximidade e Audi\u00eancias\u201d<\/strong><\/h2>\n\n\n\n<p>14 de junho de 2023<\/p>\n\n\n\n<p>Faculdade de Letras da Universidade de Coimbra<\/p>\n\n\n\n<p><strong>Apresenta\u00e7\u00e3o<\/strong><\/p>\n\n\n\n<p>O MediaTrust.Lab \u2013 Laborat\u00f3rio de Media Regionais para a Confian\u00e7a e Literacia C\u00edvicas \u00e9 um projeto que visa estudar a desinforma\u00e7\u00e3o em contextos de proximidade em Portugal, procurando identificar e analisar estrat\u00e9gias e pr\u00e1ticas de fact-checking por parte dos jornalistas e a potencial colabora\u00e7\u00e3o das audi\u00eancias dos media regionais no processo.<\/p>\n\n\n\n<p>O <strong>Semin\u00e1rio MediaTrust.Lab: \u201cJornalismo de Proximidade e Audi\u00eancias\u201d<\/strong> pretende ser um espa\u00e7o que privilegia o debate interdisciplinar, reunindo pessoas unidas por interesses de investiga\u00e7\u00e3o e\/ou trabalho comuns. Nesse sentido, embora os promotores partam das Ci\u00eancias da Comunica\u00e7\u00e3o, n\u00e3o pretendem que aquele se circunscreva a essa \u00e1rea do saber.<\/p>\n\n\n\n<p><strong> Programa (em constru\u00e7\u00e3o) <\/strong><\/p>\n\n\n\n<p><strong>Chamada de resumos<\/strong><\/p>\n\n\n\n<p>O semin\u00e1rio ter\u00e1 tr\u00eas sess\u00f5es, que versam sobre os seguintes temas:<\/p>\n\n\n\n<p>1. Desinforma\u00e7\u00e3o e fact-checking;<\/p>\n\n\n\n<p>2. Plataformiza\u00e7\u00e3o e audi\u00eancias;<\/p>\n\n\n\n<p>3. Literacia medi\u00e1tica;<\/p>\n\n\n\n<p>Cada sess\u00e3o ter\u00e1 um m\u00e1ximo de cinco comunica\u00e7\u00f5es, independentemente das \u00e1reas cient\u00edficas. O principal requisito \u00e9 que o(s)\/a(s) autor(es)\/a(s) se interessem e trabalhem o(s) tema(s) para os quais est\u00e3o a submeter a(s) sua(s) proposta(s).<\/p>\n\n\n\n<p>Deixamos algumas sugest\u00f5es sobre poss\u00edveis abordagens aos tr\u00eas temas, sendo que estamos receptivos a outras.<\/p>\n\n\n\n<p>Privilegiamos abordagens que considerem o tema media regionais, locais e\/ou hiperlocais e suas audi\u00eancias, bem como o jornalismo de proximidade.<\/p>\n\n\n\n<p>1. Desinforma\u00e7\u00e3o e fact-checking &#8211; Principais atores e redes; &#8211; Temas emergentes; &#8211; Efeitos nos media regionais e na esfera p\u00fablica; &#8211; Etc.<\/p>\n\n\n\n<p>2. Plataformiza\u00e7\u00e3o e audi\u00eancias &#8211; Iniciativas cidad\u00e3os de produ\u00e7\u00e3o informa\u00e7\u00e3o; &#8211; Participa\u00e7\u00e3o nos processos de produ\u00e7\u00e3o, dissemina\u00e7\u00e3o e verifica\u00e7\u00e3o de not\u00edcias; &#8211; Experi\u00eancias de gest\u00e3o e modelos de neg\u00f3cio; &#8211; Etc.<\/p>\n\n\n\n<p>3. Literacia medi\u00e1tica &#8211; Estrat\u00e9gias dos\/para os media e dos\/para cidad\u00e3os; &#8211; Educa\u00e7\u00e3o atrav\u00e9s dos media regionais; &#8211; Educa\u00e7\u00e3o para p\u00fablicos espec\u00edficos; &#8211; Pol\u00edticas p\u00fablicas; &#8211; Etc.<\/p>\n\n\n\n<p>Os\/As investigadores\/as interessados\/as em apresentar trabalhos no <strong>Semin\u00e1rio MediaTrust.Lab: \u201cJornalismo de Proximidade e Audi\u00eancias\u201d<\/strong>, devem submeter um resumo (300-500 palavras, excluindo refer\u00eancias bibliogr\u00e1ficas), at\u00e9 28 de abril, para o e-mail <a href=\"mailto:mediatrust@labcom.ubi.pt\">mediatrust@labcom.ubi.pt<\/a>.<\/p>\n\n\n\n<p><strong> Datas importantes<\/strong><\/p>\n\n\n\n<p><strong>Chamada de resumos:<\/strong> at\u00e9 28 de abril<\/p>\n\n\n\n<p><strong>Comunica\u00e7\u00e3o de decis\u00e3o:<\/strong> 12 de maio<\/p>\n\n\n\n<p><strong>Apresenta\u00e7\u00e3o e debate:<\/strong> 14 de junho<\/p>\n\n\n\n<p><strong>Inscri\u00e7\u00e3o (mais informa\u00e7\u00f5es brevemente)<\/strong><\/p>\n\n\n\n<p><strong>Custos<\/strong><\/p>\n\n\n\n<p>A participa\u00e7\u00e3o no semin\u00e1rio, com ou sem comunica\u00e7\u00e3o, \u00e9 gratuita.<\/p>","protected":false},"excerpt":{"rendered":"<p>Semin\u00e1rio MediaTrust.Lab: \u201cJornalismo de Proximidade e Audi\u00eancias\u201d 14 de junho de 2023 Faculdade de Letras da Universidade de Coimbra Apresenta\u00e7\u00e3o O MediaTrust.Lab \u2013 Laborat\u00f3rio de Media Regionais para a Confian\u00e7a e Literacia C\u00edvicas \u00e9 um projeto que visa estudar a desinforma\u00e7\u00e3o em contextos de proximidade em Portugal, procurando identificar e analisar estrat\u00e9gias e pr\u00e1ticas de [&hellip;]<\/p>","protected":false},"author":2,"featured_media":0,"parent":1803,"menu_order":0,"comment_status":"closed","ping_status":"closed","template":"","meta":{"footnotes":""},"yoast_head":"<!-- This site is optimized with the Yoast SEO plugin v22.2 - https:\/\/yoast.com\/wordpress\/plugins\/seo\/ -->\n<title>SemUC2023 - MediaTrustLab<\/title>\n<meta name=\"robots\" content=\"index, follow, max-snippet:-1, max-image-preview:large, max-video-preview:-1\" \/>\n<link rel=\"canonical\" href=\"https:\/\/mediatrust.ubi.pt\/en\/events\/semuc2023\/\" \/>\n<meta property=\"og:locale\" content=\"en_US\" \/>\n<meta property=\"og:type\" content=\"article\" \/>\n<meta property=\"og:title\" content=\"SemUC2023 - MediaTrustLab\" \/>\n<meta property=\"og:description\" content=\"Semin\u00e1rio MediaTrust.Lab: \u201cJornalismo de Proximidade e Audi\u00eancias\u201d 14 de junho de 2023 Faculdade de Letras da Universidade de Coimbra Apresenta\u00e7\u00e3o O MediaTrust.Lab \u2013 Laborat\u00f3rio de Media Regionais para a Confian\u00e7a e Literacia C\u00edvicas \u00e9 um projeto que visa estudar a desinforma\u00e7\u00e3o em contextos de proximidade em Portugal, procurando identificar e analisar estrat\u00e9gias e pr\u00e1ticas de [&hellip;]\" \/>\n<meta property=\"og:url\" content=\"https:\/\/mediatrust.ubi.pt\/en\/events\/semuc2023\/\" \/>\n<meta property=\"og:site_name\" content=\"MediaTrustLab\" \/>\n<meta property=\"article:publisher\" content=\"https:\/\/www.facebook.com\/mediatrust.lab\" \/>\n<meta property=\"article:modified_time\" content=\"2023-03-21T12:29:56+00:00\" \/>\n<meta property=\"og:image\" content=\"https:\/\/mediatrust.ubi.pt\/wp-content\/uploads\/2022\/02\/Novo-Projeto.png\" \/>\n\t<meta property=\"og:image:width\" content=\"1080\" \/>\n\t<meta property=\"og:image:height\" content=\"1080\" \/>\n\t<meta property=\"og:image:type\" content=\"image\/png\" \/>\n<meta name=\"twitter:card\" content=\"summary_large_image\" \/>\n<script type=\"application\/ld+json\" class=\"yoast-schema-graph\">{\"@context\":\"https:\/\/schema.org\",\"@graph\":[{\"@type\":\"WebPage\",\"@id\":\"https:\/\/mediatrust.ubi.pt\/events\/semuc2023\/\",\"url\":\"https:\/\/mediatrust.ubi.pt\/events\/semuc2023\/\",\"name\":\"SemUC2023 - MediaTrustLab\",\"isPartOf\":{\"@id\":\"https:\/\/mediatrust.ubi.pt\/#website\"},\"datePublished\":\"2023-03-21T12:13:44+00:00\",\"dateModified\":\"2023-03-21T12:29:56+00:00\",\"breadcrumb\":{\"@id\":\"https:\/\/mediatrust.ubi.pt\/events\/semuc2023\/#breadcrumb\"},\"inLanguage\":\"en-US\",\"potentialAction\":[{\"@type\":\"ReadAction\",\"target\":[\"https:\/\/mediatrust.ubi.pt\/events\/semuc2023\/\"]}]},{\"@type\":\"BreadcrumbList\",\"@id\":\"https:\/\/mediatrust.ubi.pt\/events\/semuc2023\/#breadcrumb\",\"itemListElement\":[{\"@type\":\"ListItem\",\"position\":1,\"name\":\"In\u00edcio\",\"item\":\"https:\/\/mediatrust.ubi.pt\/\"},{\"@type\":\"ListItem\",\"position\":2,\"name\":\"Events\",\"item\":\"https:\/\/mediatrust.ubi.pt\/events\/\"},{\"@type\":\"ListItem\",\"position\":3,\"name\":\"SemUC2023\"}]},{\"@type\":\"WebSite\",\"@id\":\"https:\/\/mediatrust.ubi.pt\/#website\",\"url\":\"https:\/\/mediatrust.ubi.pt\/\",\"name\":\"MediaTrustLab\",\"description\":\"This project aims to identify and analise strategies and practices of fact-checking by local journalists and the potential collaboration of local media audiences in the process. Through training, promoting digital tools and a mobile app, this action research project also aims to instruct journalists and audiences to fact-check more effectively and efficiently.\",\"publisher\":{\"@id\":\"https:\/\/mediatrust.ubi.pt\/#organization\"},\"potentialAction\":[{\"@type\":\"SearchAction\",\"target\":{\"@type\":\"EntryPoint\",\"urlTemplate\":\"https:\/\/mediatrust.ubi.pt\/?s={search_term_string}\"},\"query-input\":\"required name=search_term_string\"}],\"inLanguage\":\"en-US\"},{\"@type\":\"Organization\",\"@id\":\"https:\/\/mediatrust.ubi.pt\/#organization\",\"name\":\"MediaTrustLab\",\"url\":\"https:\/\/mediatrust.ubi.pt\/\",\"logo\":{\"@type\":\"ImageObject\",\"inLanguage\":\"en-US\",\"@id\":\"https:\/\/mediatrust.ubi.pt\/#\/schema\/logo\/image\/\",\"url\":\"https:\/\/mediatrust.ubi.pt\/wp-content\/uploads\/2022\/02\/cropped-Novo-Projeto-1-1.png\",\"contentUrl\":\"https:\/\/mediatrust.ubi.pt\/wp-content\/uploads\/2022\/02\/cropped-Novo-Projeto-1-1.png\",\"width\":1080,\"height\":810,\"caption\":\"MediaTrustLab\"},\"image\":{\"@id\":\"https:\/\/mediatrust.ubi.pt\/#\/schema\/logo\/image\/\"},\"sameAs\":[\"https:\/\/www.facebook.com\/mediatrust.lab\"]}]}<\/script>\n<!-- \/ Yoast SEO plugin. -->","yoast_head_json":{"title":"SemUC2023 - MediaTrustLab","robots":{"index":"index","follow":"follow","max-snippet":"max-snippet:-1","max-image-preview":"max-image-preview:large","max-video-preview":"max-video-preview:-1"},"canonical":"https:\/\/mediatrust.ubi.pt\/en\/events\/semuc2023\/","og_locale":"en_US","og_type":"article","og_title":"SemUC2023 - MediaTrustLab","og_description":"Semin\u00e1rio MediaTrust.Lab: \u201cJornalismo de Proximidade e Audi\u00eancias\u201d 14 de junho de 2023 Faculdade de Letras da Universidade de Coimbra Apresenta\u00e7\u00e3o O MediaTrust.Lab \u2013 Laborat\u00f3rio de Media Regionais para a Confian\u00e7a e Literacia C\u00edvicas \u00e9 um projeto que visa estudar a desinforma\u00e7\u00e3o em contextos de proximidade em Portugal, procurando identificar e analisar estrat\u00e9gias e pr\u00e1ticas de [&hellip;]","og_url":"https:\/\/mediatrust.ubi.pt\/en\/events\/semuc2023\/","og_site_name":"MediaTrustLab","article_publisher":"https:\/\/www.facebook.com\/mediatrust.lab","article_modified_time":"2023-03-21T12:29:56+00:00","og_image":[{"width":1080,"height":1080,"url":"https:\/\/mediatrust.ubi.pt\/wp-content\/uploads\/2022\/02\/Novo-Projeto.png","type":"image\/png"}],"twitter_card":"summary_large_image","schema":{"@context":"https:\/\/schema.org","@graph":[{"@type":"WebPage","@id":"https:\/\/mediatrust.ubi.pt\/events\/semuc2023\/","url":"https:\/\/mediatrust.ubi.pt\/events\/semuc2023\/","name":"SemUC2023 - MediaTrustLab","isPartOf":{"@id":"https:\/\/mediatrust.ubi.pt\/#website"},"datePublished":"2023-03-21T12:13:44+00:00","dateModified":"2023-03-21T12:29:56+00:00","breadcrumb":{"@id":"https:\/\/mediatrust.ubi.pt\/events\/semuc2023\/#breadcrumb"},"inLanguage":"en-US","potentialAction":[{"@type":"ReadAction","target":["https:\/\/mediatrust.ubi.pt\/events\/semuc2023\/"]}]},{"@type":"BreadcrumbList","@id":"https:\/\/mediatrust.ubi.pt\/events\/semuc2023\/#breadcrumb","itemListElement":[{"@type":"ListItem","position":1,"name":"In\u00edcio","item":"https:\/\/mediatrust.ubi.pt\/"},{"@type":"ListItem","position":2,"name":"Events","item":"https:\/\/mediatrust.ubi.pt\/events\/"},{"@type":"ListItem","position":3,"name":"SemUC2023"}]},{"@type":"WebSite","@id":"https:\/\/mediatrust.ubi.pt\/#website","url":"https:\/\/mediatrust.ubi.pt\/","name":"MediaTrustLab","description":"This project aims to identify and analise strategies and practices of fact-checking by local journalists and the potential collaboration of local media audiences in the process. Through training, promoting digital tools and a mobile app, this action research project also aims to instruct journalists and audiences to fact-check more effectively and efficiently.","publisher":{"@id":"https:\/\/mediatrust.ubi.pt\/#organization"},"potentialAction":[{"@type":"SearchAction","target":{"@type":"EntryPoint","urlTemplate":"https:\/\/mediatrust.ubi.pt\/?s={search_term_string}"},"query-input":"required name=search_term_string"}],"inLanguage":"en-US"},{"@type":"Organization","@id":"https:\/\/mediatrust.ubi.pt\/#organization","name":"MediaTrustLab","url":"https:\/\/mediatrust.ubi.pt\/","logo":{"@type":"ImageObject","inLanguage":"en-US","@id":"https:\/\/mediatrust.ubi.pt\/#\/schema\/logo\/image\/","url":"https:\/\/mediatrust.ubi.pt\/wp-content\/uploads\/2022\/02\/cropped-Novo-Projeto-1-1.png","contentUrl":"https:\/\/mediatrust.ubi.pt\/wp-content\/uploads\/2022\/02\/cropped-Novo-Projeto-1-1.png","width":1080,"height":810,"caption":"MediaTrustLab"},"image":{"@id":"https:\/\/mediatrust.ubi.pt\/#\/schema\/logo\/image\/"},"sameAs":["https:\/\/www.facebook.com\/mediatrust.lab"]}]}},"_links":{"self":[{"href":"https:\/\/mediatrust.ubi.pt\/en\/wp-json\/wp\/v2\/pages\/2457"}],"collection":[{"href":"https:\/\/mediatrust.ubi.pt\/en\/wp-json\/wp\/v2\/pages"}],"about":[{"href":"https:\/\/mediatrust.ubi.pt\/en\/wp-json\/wp\/v2\/types\/page"}],"author":[{"embeddable":true,"href":"https:\/\/mediatrust.ubi.pt\/en\/wp-json\/wp\/v2\/users\/2"}],"replies":[{"embeddable":true,"href":"https:\/\/mediatrust.ubi.pt\/en\/wp-json\/wp\/v2\/comments?post=2457"}],"version-history":[{"count":0,"href":"https:\/\/mediatrust.ubi.pt\/en\/wp-json\/wp\/v2\/pages\/2457\/revisions"}],"up":[{"embeddable":true,"href":"https:\/\/mediatrust.ubi.pt\/en\/wp-json\/wp\/v2\/pages\/1803"}],"wp:attachment":[{"href":"https:\/\/mediatrust.ubi.pt\/en\/wp-json\/wp\/v2\/media?parent=2457"}],"curies":[{"name":"wp","href":"https:\/\/api.w.org\/{rel}","templated":true}]}}