{"id":62,"date":"2022-02-09T17:26:57","date_gmt":"2022-02-09T17:26:57","guid":{"rendered":"https:\/\/mediatrust.ubi.pt\/?page_id=62"},"modified":"2025-05-30T20:54:59","modified_gmt":"2025-05-30T20:54:59","slug":"funding","status":"publish","type":"page","link":"https:\/\/mediatrust.ubi.pt\/en\/funding\/","title":{"rendered":"Funding"},"content":{"rendered":"<div data-elementor-type=\"wp-page\" data-elementor-id=\"62\" class=\"elementor elementor-62\" data-elementor-post-type=\"page\">\n\t\t\t\t\t\t<section class=\"elementor-section elementor-top-section elementor-element elementor-element-c2958c0 elementor-section-boxed elementor-section-height-default elementor-section-height-default\" data-id=\"c2958c0\" data-element_type=\"section\" data-settings=\"{&quot;background_background&quot;:&quot;classic&quot;}\">\n\t\t\t\t\t\t<div class=\"elementor-container elementor-column-gap-default\">\n\t\t\t\t\t<div class=\"elementor-column elementor-col-100 elementor-top-column elementor-element elementor-element-7558c8b\" data-id=\"7558c8b\" data-element_type=\"column\">\n\t\t\t<div class=\"elementor-widget-wrap elementor-element-populated\">\n\t\t\t\t\t\t<div class=\"elementor-element elementor-element-bb66dff elementor-widget elementor-widget-text-editor\" data-id=\"bb66dff\" data-element_type=\"widget\" data-widget_type=\"text-editor.default\">\n\t\t\t\t<div class=\"elementor-widget-container\">\n\t\t\t<style>\/*! elementor - v3.20.0 - 11-03-2024 *\/\n.elementor-widget-text-editor.elementor-drop-cap-view-stacked .elementor-drop-cap{background-color:#69727d;color:#fff}.elementor-widget-text-editor.elementor-drop-cap-view-framed .elementor-drop-cap{color:#69727d;border:3px solid;background-color:transparent}.elementor-widget-text-editor:not(.elementor-drop-cap-view-default) .elementor-drop-cap{margin-top:8px}.elementor-widget-text-editor:not(.elementor-drop-cap-view-default) .elementor-drop-cap-letter{width:1em;height:1em}.elementor-widget-text-editor .elementor-drop-cap{float:left;text-align:center;line-height:1;font-size:50px}.elementor-widget-text-editor .elementor-drop-cap-letter{display:inline-block}<\/style>\t\t\t\t<p><span style=\"font-weight: 400;\"><strong>Project reference:<\/strong> PTDC\/COM-JOR\/3866\/2020<\/span><\/p><p><strong>DOI<\/strong>: <a href=\"http:\/\/doi.org\/10.54499\/PTDC\/COM-JOR\/3866\/2020\">http:\/\/doi.org\/10.54499\/PTDC\/COM-JOR\/3866\/2020<\/a><\/p><p><span style=\"font-weight: 400;\"><strong>Financing institution:<\/strong> Funda\u00e7\u00e3o para a Ci\u00eancia e Tecnologia (Portugal)<\/span><\/p><p><span style=\"font-weight: 400;\"><strong>Funding:<\/strong> 249.994,86 euros\u00a0<\/span><\/p><p><span style=\"font-weight: 400;\"><strong>Institutions:<\/strong> University of Beira Interior and University of Coimbra<\/span><\/p><p><span style=\"font-weight: 400;\"><strong>Period:<\/strong> August 1, 2021 to March 31, 2025<\/span><\/p>\t\t\t\t\t\t<\/div>\n\t\t\t\t<\/div>\n\t\t\t\t\t<\/div>\n\t\t<\/div>\n\t\t\t\t\t<\/div>\n\t\t<\/section>\n\t\t\t\t<\/div>","protected":false},"excerpt":{"rendered":"<p>Project reference: PTDC\/COM-JOR\/3866\/2020 DOI: http:\/\/doi.org\/10.54499\/PTDC\/COM-JOR\/3866\/2020 Financing institution: Funda\u00e7\u00e3o para a Ci\u00eancia e Tecnologia (Portugal) Funding: 249.994,86 euros\u00a0 Institutions: University of Beira Interior and University of Coimbra Period: August 1, 2021 to March 31, 2025<\/p>","protected":false},"author":1,"featured_media":0,"parent":0,"menu_order":0,"comment_status":"closed","ping_status":"closed","template":"","meta":{"footnotes":""},"yoast_head":"<!-- This site is optimized with the Yoast SEO plugin v22.2 - https:\/\/yoast.com\/wordpress\/plugins\/seo\/ -->\n<title>Funding - MediaTrustLab<\/title>\n<meta name=\"robots\" content=\"index, follow, max-snippet:-1, max-image-preview:large, max-video-preview:-1\" \/>\n<link rel=\"canonical\" href=\"https:\/\/mediatrust.ubi.pt\/en\/funding\/\" \/>\n<meta property=\"og:locale\" content=\"en_US\" \/>\n<meta property=\"og:type\" content=\"article\" \/>\n<meta property=\"og:title\" content=\"Funding - MediaTrustLab\" \/>\n<meta property=\"og:description\" content=\"Project reference: PTDC\/COM-JOR\/3866\/2020 DOI: http:\/\/doi.org\/10.54499\/PTDC\/COM-JOR\/3866\/2020 Financing institution: Funda\u00e7\u00e3o para a Ci\u00eancia e Tecnologia (Portugal) Funding: 249.994,86 euros\u00a0 Institutions: University of Beira Interior and University of Coimbra Period: August 1, 2021 to March 31, 2025\" \/>\n<meta property=\"og:url\" content=\"https:\/\/mediatrust.ubi.pt\/en\/funding\/\" \/>\n<meta property=\"og:site_name\" content=\"MediaTrustLab\" \/>\n<meta property=\"article:publisher\" content=\"https:\/\/www.facebook.com\/mediatrust.lab\" \/>\n<meta property=\"article:modified_time\" content=\"2025-05-30T20:54:59+00:00\" \/>\n<meta property=\"og:image\" content=\"https:\/\/mediatrust.ubi.pt\/wp-content\/uploads\/2022\/02\/Novo-Projeto.png\" \/>\n\t<meta property=\"og:image:width\" content=\"1080\" \/>\n\t<meta property=\"og:image:height\" content=\"1080\" \/>\n\t<meta property=\"og:image:type\" content=\"image\/png\" \/>\n<meta name=\"twitter:card\" content=\"summary_large_image\" \/>\n<meta name=\"twitter:label1\" content=\"Est. reading time\" \/>\n\t<meta name=\"twitter:data1\" content=\"1 minute\" \/>\n<script type=\"application\/ld+json\" class=\"yoast-schema-graph\">{\"@context\":\"https:\/\/schema.org\",\"@graph\":[{\"@type\":\"WebPage\",\"@id\":\"https:\/\/mediatrust.ubi.pt\/funding\/\",\"url\":\"https:\/\/mediatrust.ubi.pt\/funding\/\",\"name\":\"Funding - MediaTrustLab\",\"isPartOf\":{\"@id\":\"https:\/\/mediatrust.ubi.pt\/#website\"},\"datePublished\":\"2022-02-09T17:26:57+00:00\",\"dateModified\":\"2025-05-30T20:54:59+00:00\",\"breadcrumb\":{\"@id\":\"https:\/\/mediatrust.ubi.pt\/funding\/#breadcrumb\"},\"inLanguage\":\"en-US\",\"potentialAction\":[{\"@type\":\"ReadAction\",\"target\":[\"https:\/\/mediatrust.ubi.pt\/funding\/\"]}]},{\"@type\":\"BreadcrumbList\",\"@id\":\"https:\/\/mediatrust.ubi.pt\/funding\/#breadcrumb\",\"itemListElement\":[{\"@type\":\"ListItem\",\"position\":1,\"name\":\"In\u00edcio\",\"item\":\"https:\/\/mediatrust.ubi.pt\/\"},{\"@type\":\"ListItem\",\"position\":2,\"name\":\"Funding\"}]},{\"@type\":\"WebSite\",\"@id\":\"https:\/\/mediatrust.ubi.pt\/#website\",\"url\":\"https:\/\/mediatrust.ubi.pt\/\",\"name\":\"MediaTrustLab\",\"description\":\"This project aims to identify and analise strategies and practices of fact-checking by local journalists and the potential collaboration of local media audiences in the process. Through training, promoting digital tools and a mobile app, this action research project also aims to instruct journalists and audiences to fact-check more effectively and efficiently.\",\"publisher\":{\"@id\":\"https:\/\/mediatrust.ubi.pt\/#organization\"},\"potentialAction\":[{\"@type\":\"SearchAction\",\"target\":{\"@type\":\"EntryPoint\",\"urlTemplate\":\"https:\/\/mediatrust.ubi.pt\/?s={search_term_string}\"},\"query-input\":\"required name=search_term_string\"}],\"inLanguage\":\"en-US\"},{\"@type\":\"Organization\",\"@id\":\"https:\/\/mediatrust.ubi.pt\/#organization\",\"name\":\"MediaTrustLab\",\"url\":\"https:\/\/mediatrust.ubi.pt\/\",\"logo\":{\"@type\":\"ImageObject\",\"inLanguage\":\"en-US\",\"@id\":\"https:\/\/mediatrust.ubi.pt\/#\/schema\/logo\/image\/\",\"url\":\"https:\/\/mediatrust.ubi.pt\/wp-content\/uploads\/2022\/02\/cropped-Novo-Projeto-1-1.png\",\"contentUrl\":\"https:\/\/mediatrust.ubi.pt\/wp-content\/uploads\/2022\/02\/cropped-Novo-Projeto-1-1.png\",\"width\":1080,\"height\":810,\"caption\":\"MediaTrustLab\"},\"image\":{\"@id\":\"https:\/\/mediatrust.ubi.pt\/#\/schema\/logo\/image\/\"},\"sameAs\":[\"https:\/\/www.facebook.com\/mediatrust.lab\"]}]}<\/script>\n<!-- \/ Yoast SEO plugin. -->","yoast_head_json":{"title":"Funding - MediaTrustLab","robots":{"index":"index","follow":"follow","max-snippet":"max-snippet:-1","max-image-preview":"max-image-preview:large","max-video-preview":"max-video-preview:-1"},"canonical":"https:\/\/mediatrust.ubi.pt\/en\/funding\/","og_locale":"en_US","og_type":"article","og_title":"Funding - MediaTrustLab","og_description":"Project reference: PTDC\/COM-JOR\/3866\/2020 DOI: http:\/\/doi.org\/10.54499\/PTDC\/COM-JOR\/3866\/2020 Financing institution: Funda\u00e7\u00e3o para a Ci\u00eancia e Tecnologia (Portugal) Funding: 249.994,86 euros\u00a0 Institutions: University of Beira Interior and University of Coimbra Period: August 1, 2021 to March 31, 2025","og_url":"https:\/\/mediatrust.ubi.pt\/en\/funding\/","og_site_name":"MediaTrustLab","article_publisher":"https:\/\/www.facebook.com\/mediatrust.lab","article_modified_time":"2025-05-30T20:54:59+00:00","og_image":[{"width":1080,"height":1080,"url":"https:\/\/mediatrust.ubi.pt\/wp-content\/uploads\/2022\/02\/Novo-Projeto.png","type":"image\/png"}],"twitter_card":"summary_large_image","twitter_misc":{"Est. reading time":"1 minute"},"schema":{"@context":"https:\/\/schema.org","@graph":[{"@type":"WebPage","@id":"https:\/\/mediatrust.ubi.pt\/funding\/","url":"https:\/\/mediatrust.ubi.pt\/funding\/","name":"Funding - MediaTrustLab","isPartOf":{"@id":"https:\/\/mediatrust.ubi.pt\/#website"},"datePublished":"2022-02-09T17:26:57+00:00","dateModified":"2025-05-30T20:54:59+00:00","breadcrumb":{"@id":"https:\/\/mediatrust.ubi.pt\/funding\/#breadcrumb"},"inLanguage":"en-US","potentialAction":[{"@type":"ReadAction","target":["https:\/\/mediatrust.ubi.pt\/funding\/"]}]},{"@type":"BreadcrumbList","@id":"https:\/\/mediatrust.ubi.pt\/funding\/#breadcrumb","itemListElement":[{"@type":"ListItem","position":1,"name":"In\u00edcio","item":"https:\/\/mediatrust.ubi.pt\/"},{"@type":"ListItem","position":2,"name":"Funding"}]},{"@type":"WebSite","@id":"https:\/\/mediatrust.ubi.pt\/#website","url":"https:\/\/mediatrust.ubi.pt\/","name":"MediaTrustLab","description":"This project aims to identify and analise strategies and practices of fact-checking by local journalists and the potential collaboration of local media audiences in the process. Through training, promoting digital tools and a mobile app, this action research project also aims to instruct journalists and audiences to fact-check more effectively and efficiently.","publisher":{"@id":"https:\/\/mediatrust.ubi.pt\/#organization"},"potentialAction":[{"@type":"SearchAction","target":{"@type":"EntryPoint","urlTemplate":"https:\/\/mediatrust.ubi.pt\/?s={search_term_string}"},"query-input":"required name=search_term_string"}],"inLanguage":"en-US"},{"@type":"Organization","@id":"https:\/\/mediatrust.ubi.pt\/#organization","name":"MediaTrustLab","url":"https:\/\/mediatrust.ubi.pt\/","logo":{"@type":"ImageObject","inLanguage":"en-US","@id":"https:\/\/mediatrust.ubi.pt\/#\/schema\/logo\/image\/","url":"https:\/\/mediatrust.ubi.pt\/wp-content\/uploads\/2022\/02\/cropped-Novo-Projeto-1-1.png","contentUrl":"https:\/\/mediatrust.ubi.pt\/wp-content\/uploads\/2022\/02\/cropped-Novo-Projeto-1-1.png","width":1080,"height":810,"caption":"MediaTrustLab"},"image":{"@id":"https:\/\/mediatrust.ubi.pt\/#\/schema\/logo\/image\/"},"sameAs":["https:\/\/www.facebook.com\/mediatrust.lab"]}]}},"_links":{"self":[{"href":"https:\/\/mediatrust.ubi.pt\/en\/wp-json\/wp\/v2\/pages\/62"}],"collection":[{"href":"https:\/\/mediatrust.ubi.pt\/en\/wp-json\/wp\/v2\/pages"}],"about":[{"href":"https:\/\/mediatrust.ubi.pt\/en\/wp-json\/wp\/v2\/types\/page"}],"author":[{"embeddable":true,"href":"https:\/\/mediatrust.ubi.pt\/en\/wp-json\/wp\/v2\/users\/1"}],"replies":[{"embeddable":true,"href":"https:\/\/mediatrust.ubi.pt\/en\/wp-json\/wp\/v2\/comments?post=62"}],"version-history":[{"count":2,"href":"https:\/\/mediatrust.ubi.pt\/en\/wp-json\/wp\/v2\/pages\/62\/revisions"}],"predecessor-version":[{"id":2899,"href":"https:\/\/mediatrust.ubi.pt\/en\/wp-json\/wp\/v2\/pages\/62\/revisions\/2899"}],"wp:attachment":[{"href":"https:\/\/mediatrust.ubi.pt\/en\/wp-json\/wp\/v2\/media?parent=62"}],"curies":[{"name":"wp","href":"https:\/\/api.w.org\/{rel}","templated":true}]}}